{"id":678,"date":"2020-05-02T16:11:10","date_gmt":"2020-05-02T14:11:10","guid":{"rendered":"http:\/\/blindhousegames.com\/?page_id=678"},"modified":"2026-01-04T11:47:06","modified_gmt":"2026-01-04T10:47:06","slug":"hibridos","status":"publish","type":"page","link":"https:\/\/blindhousegames.com\/?page_id=678","title":{"rendered":"H\u00edbridos"},"content":{"rendered":"<p>[et_pb_section fb_built=\u00bb1&#8243; _builder_version=\u00bb4.0.3&#8243; background_color=\u00bb#b3b3b3&#8243; background_image=\u00bbhttps:\/\/blindhousegames.com\/wp-content\/uploads\/2020\/05\/gargolas.jpg\u00bb background_blend=\u00bbsoft-light\u00bb width=\u00bb100%\u00bb min_height=\u00bb275px\u00bb height=\u00bb959px\u00bb custom_margin=\u00bb||94px|||\u00bb][et_pb_row _builder_version=\u00bb3.25&#8243; background_size=\u00bbinitial\u00bb background_position=\u00bbtop_left\u00bb background_repeat=\u00bbrepeat\u00bb min_height=\u00bb253px\u00bb custom_margin=\u00bb|auto|9px|auto||\u00bb custom_padding=\u00bb51px||47px|||\u00bb][et_pb_column type=\u00bb4_4&#8243; _builder_version=\u00bb3.25&#8243; custom_padding=\u00bb|||\u00bb custom_padding__hover=\u00bb|||\u00bb][et_pb_text admin_label=\u00bbTexto\u00bb _builder_version=\u00bb4.0.3&#8243; text_font=\u00bbVerdana||on|on|||||\u00bb text_text_color=\u00bb#842712&#8243; text_font_size=\u00bb20px\u00bb animation_style=\u00bbfade\u00bb text_text_shadow_style=\u00bbpreset2&#8243; text_text_shadow_horizontal_length=\u00bb0.04em\u00bb text_text_shadow_vertical_length=\u00bb0.05em\u00bb text_text_shadow_blur_strength=\u00bb0.05em\u00bb text_text_shadow_color=\u00bb#c9c9c9&#8243; inline_fonts=\u00bbAmaranth\u00bb]<\/p>\n<p><span style=\"font-family: Amaranth;\">L\u00ednea de Sangre H\u00edbrida<br \/> <\/span><\/p>\n<p>(150 min)<\/p>\n<p><span style=\"font-family: Amaranth;\"><\/span><\/p>\n<p><span style=\"font-family: Amaranth;\"><\/span><\/p>\n<p>[\/et_pb_text][et_pb_text _builder_version=\u00bb4.0.3&#8243; text_text_color=\u00bb#000000&#8243; text_font_size=\u00bb16px\u00bb text_letter_spacing=\u00bb5px\u00bb text_line_height=\u00bb1.2em\u00bb max_width=\u00bb90%\u00bb custom_margin=\u00bb|-96px||||\u00bb text_text_shadow_style=\u00bbpreset3&#8243; text_text_shadow_horizontal_length=\u00bb-0.27em\u00bb text_text_shadow_vertical_length=\u00bb0.25em\u00bb text_text_shadow_blur_strength=\u00bb0.35em\u00bb text_text_shadow_color=\u00bb#ededed\u00bb inline_fonts=\u00bbRibeye,Metamorphous\u00bb]<\/p>\n<p><span style=\"font-family: Metamorphous; font-weight: normal;\">Habeis sido capturados por los vampiros y sereis conducidos a las mazmorras, donde <strong><em>conocereis a Lucian<\/em><\/strong> Lider Lic\u00e1ntropo. El est\u00e1 encarcelado por tener una relaci\u00f3n con Sonja, una vampira <em>Guerrera de la Muerte<\/em>, que es la hija de Victor y se\u00f1or del Castillo.<br \/> <\/span><\/p>\n<p><span style=\"font-family: Metamorphous; font-weight: normal;\">Debereis ayudar a Lucian en su misi\u00f3n, liderar a los lic\u00e1ntropos a <strong>derrocar a los l\u00edderes vampiros<\/strong>, para ello debereis aliaros primeramente con Willian Corvinus, primer Lic\u00e1ntropo, incap\u00e1z de volver a su forma humana y posteriormente despertar a Markus Corvinus, primer Vampiro de la l\u00ednea de sangre, para <strong>acabar con la decadencia<\/strong> que se ha impuesto en la comunidad vampira.<br \/> <\/span><\/p>\n<p>[\/et_pb_text][\/et_pb_column][\/et_pb_row][et_pb_row _builder_version=\u00bb4.0.3&#8243; custom_padding=\u00bb4px|||||\u00bb][et_pb_column type=\u00bb4_4&#8243; _builder_version=\u00bb4.0.3&#8243;][et_pb_button button_url=\u00bbhttps:\/\/blindhousegames.com\/?page_id=794&#038;et_fb=1&#038;PageSpeed=off\u00bb button_text=\u00bbRESERVAR\u00bb button_alignment=\u00bbcenter\u00bb _builder_version=\u00bb4.0.3&#8243; custom_button=\u00bbon\u00bb button_text_size=\u00bb38px\u00bb button_text_color=\u00bb#ffffff\u00bb button_bg_color=\u00bb#e02b20&#8243; button_bg_image=\u00bbhttps:\/\/blindhousegames.com\/wp-content\/uploads\/2019\/11\/lusian.jpg\u00bb button_bg_blend=\u00bbdifference\u00bb button_border_width=\u00bb6px\u00bb button_border_color=\u00bb#000000&#8243; button_border_radius=\u00bb0px\u00bb button_font=\u00bbAlegreya Sans SC|700|||||||\u00bb button_use_icon=\u00bboff\u00bb custom_margin=\u00bb15px|||||\u00bb hover_enabled=\u00bb0&#8243; button_text_shadow_style=\u00bbpreset2&#8243; button_text_shadow_color=\u00bb#000000&#8243;][\/et_pb_button][\/et_pb_column][\/et_pb_row][\/et_pb_section]<\/p>\n","protected":false},"excerpt":{"rendered":"<p>L\u00ednea de Sangre H\u00edbrida (150 min) Habeis sido capturados por los vampiros y sereis conducidos a las mazmorras, donde conocereis a Lucian Lider Lic\u00e1ntropo. El est\u00e1 encarcelado por tener una relaci\u00f3n con Sonja, una vampira Guerrera de la Muerte, que es la hija de Victor y se\u00f1or del Castillo. Debereis ayudar a Lucian en su [&hellip;]<\/p>\n","protected":false},"author":1,"featured_media":0,"parent":0,"menu_order":0,"comment_status":"closed","ping_status":"closed","template":"","meta":{"_et_pb_use_builder":"on","_et_pb_old_content":"","_et_gb_content_width":"","footnotes":""},"class_list":["post-678","page","type-page","status-publish","hentry"],"_links":{"self":[{"href":"https:\/\/blindhousegames.com\/index.php?rest_route=\/wp\/v2\/pages\/678","targetHints":{"allow":["GET"]}}],"collection":[{"href":"https:\/\/blindhousegames.com\/index.php?rest_route=\/wp\/v2\/pages"}],"about":[{"href":"https:\/\/blindhousegames.com\/index.php?rest_route=\/wp\/v2\/types\/page"}],"author":[{"embeddable":true,"href":"https:\/\/blindhousegames.com\/index.php?rest_route=\/wp\/v2\/users\/1"}],"replies":[{"embeddable":true,"href":"https:\/\/blindhousegames.com\/index.php?rest_route=%2Fwp%2Fv2%2Fcomments&post=678"}],"version-history":[{"count":8,"href":"https:\/\/blindhousegames.com\/index.php?rest_route=\/wp\/v2\/pages\/678\/revisions"}],"predecessor-version":[{"id":1069,"href":"https:\/\/blindhousegames.com\/index.php?rest_route=\/wp\/v2\/pages\/678\/revisions\/1069"}],"wp:attachment":[{"href":"https:\/\/blindhousegames.com\/index.php?rest_route=%2Fwp%2Fv2%2Fmedia&parent=678"}],"curies":[{"name":"wp","href":"https:\/\/api.w.org\/{rel}","templated":true}]}}