{"id":1042,"date":"2023-11-10T12:36:06","date_gmt":"2023-11-10T11:36:06","guid":{"rendered":"https:\/\/blindhousegames.com\/?page_id=1042"},"modified":"2023-11-10T13:09:10","modified_gmt":"2023-11-10T12:09:10","slug":"1042-2","status":"publish","type":"page","link":"https:\/\/blindhousegames.com\/?page_id=1042","title":{"rendered":"Licantropos"},"content":{"rendered":"<p>[et_pb_section fb_built=\u00bb1&#8243; _builder_version=\u00bb4.23.1&#8243; background_color=\u00bb#b3b3b3&#8243; background_image=\u00bbhttps:\/\/blindhousegames.com\/wp-content\/uploads\/2023\/11\/rebelion-licans.jpg\u00bb background_blend=\u00bbsoft-light\u00bb width=\u00bb100%\u00bb min_height=\u00bb275px\u00bb height=\u00bb959px\u00bb custom_margin=\u00bb||94px|||\u00bb global_colors_info=\u00bb{}\u00bb][et_pb_row _builder_version=\u00bb4.23.1&#8243; background_size=\u00bbinitial\u00bb background_position=\u00bbtop_left\u00bb background_repeat=\u00bbrepeat\u00bb min_height=\u00bb253px\u00bb custom_margin=\u00bb|auto|9px|auto||\u00bb custom_padding=\u00bb51px||47px|||\u00bb global_colors_info=\u00bb{}\u00bb][et_pb_column type=\u00bb4_4&#8243; _builder_version=\u00bb4.16&#8243; custom_padding=\u00bb|||\u00bb global_colors_info=\u00bb{}\u00bb custom_padding__hover=\u00bb|||\u00bb][et_pb_text admin_label=\u00bbTexto\u00bb _builder_version=\u00bb4.23.1&#8243; text_font=\u00bbVerdana||on|on|||||\u00bb text_text_color=\u00bb#842712&#8243; text_font_size=\u00bb20px\u00bb animation_style=\u00bbfade\u00bb text_text_shadow_style=\u00bbpreset2&#8243; text_text_shadow_color=\u00bb#a5a5a5&#8243; inline_fonts=\u00bbAmaranth\u00bb global_colors_info=\u00bb{}\u00bb]<\/p>\n<p><span style=\"font-family: Amaranth;\">L\u00ednea de Sangre LICANTROPOS<br \/> <\/span><\/p>\n<p>(75 min)<\/p>\n<p><span style=\"font-family: Amaranth;\"><\/span><\/p>\n<p><span style=\"font-family: Amaranth;\"><\/span><\/p>\n<p>[\/et_pb_text][et_pb_text _builder_version=\u00bb4.23.1&#8243; text_text_color=\u00bb#000000&#8243; text_font_size=\u00bb16px\u00bb text_letter_spacing=\u00bb5px\u00bb text_line_height=\u00bb1.2em\u00bb max_width=\u00bb90%\u00bb custom_margin=\u00bb|-96px||||\u00bb text_text_shadow_style=\u00bbpreset2&#8243; text_text_shadow_horizontal_length=\u00bb0.07em\u00bb text_text_shadow_blur_strength=\u00bb0.2em\u00bb text_text_shadow_color=\u00bb#d3d3d3&#8243; inline_fonts=\u00bbRibeye,Metamorphous\u00bb global_colors_info=\u00bb{}\u00bb]<\/p>\n<p><span style=\"font-family: Metamorphous; font-weight: normal;\"><\/span><span style=\"font-family: Metamorphous; font-weight: normal;\">La guerra hab\u00eda empezado, Lucian est\u00e1 preso y vosotros en breve sereis convertidos en Lic\u00e1ntropos.<\/span><\/p>\n<p><span style=\"font-family: Metamorphous; font-weight: normal;\">Debereis encontar a Willian el primer lic\u00e1ntropo y con una muestra de su preciada l\u00ednea de sangre debereis conseguir liberaros.<\/span><\/p>\n<p><span style=\"font-family: Metamorphous; font-weight: normal;\">Pero cuidado el amo del castillo, Viktor est\u00e1 al tanto de vuestra rebeli\u00f3n, as\u00ed que os vigilar\u00e1 y perseguir\u00e1 hasta vuestra extinci\u00f3n.\u00a0 <\/span><\/p>\n<p>[\/et_pb_text][\/et_pb_column][\/et_pb_row][et_pb_row _builder_version=\u00bb4.16&#8243; custom_padding=\u00bb0px|||||\u00bb global_colors_info=\u00bb{}\u00bb][et_pb_column type=\u00bb4_4&#8243; _builder_version=\u00bb4.16&#8243; global_colors_info=\u00bb{}\u00bb][et_pb_button button_url=\u00bbhttps:\/\/blindhousegames.com\/?page_id=445&#8243; button_text=\u00bbRESERVAR\u00bb button_alignment=\u00bbcenter\u00bb _builder_version=\u00bb4.23.1&#8243; custom_button=\u00bbon\u00bb button_text_size=\u00bb38px\u00bb button_text_color=\u00bb#ffffff\u00bb button_bg_color=\u00bb#e02b20&#8243; button_bg_image=\u00bbhttps:\/\/blindhousegames.com\/wp-content\/uploads\/2019\/11\/lusian.jpg\u00bb button_bg_blend=\u00bbdifference\u00bb button_border_width=\u00bb6px\u00bb button_border_color=\u00bb#000000&#8243; button_border_radius=\u00bb0px\u00bb button_font=\u00bbAlegreya Sans SC|700|||||||\u00bb button_use_icon=\u00bboff\u00bb custom_margin=\u00bb33px|||||\u00bb hover_enabled=\u00bb0&#8243; button_text_shadow_style=\u00bbpreset2&#8243; button_text_shadow_color=\u00bb#000000&#8243; global_colors_info=\u00bb{}\u00bb sticky_enabled=\u00bb0&#8243;][\/et_pb_button][\/et_pb_column][\/et_pb_row][\/et_pb_section]<\/p>\n","protected":false},"excerpt":{"rendered":"<p>L\u00ednea de Sangre LICANTROPOS (75 min) La guerra hab\u00eda empezado, Lucian est\u00e1 preso y vosotros en breve sereis convertidos en Lic\u00e1ntropos. Debereis encontar a Willian el primer lic\u00e1ntropo y con una muestra de su preciada l\u00ednea de sangre debereis conseguir liberaros. Pero cuidado el amo del castillo, Viktor est\u00e1 al tanto de vuestra rebeli\u00f3n, as\u00ed [&hellip;]<\/p>\n","protected":false},"author":1,"featured_media":0,"parent":0,"menu_order":0,"comment_status":"closed","ping_status":"closed","template":"","meta":{"_et_pb_use_builder":"on","_et_pb_old_content":"","_et_gb_content_width":"","footnotes":""},"class_list":["post-1042","page","type-page","status-publish","hentry"],"_links":{"self":[{"href":"https:\/\/blindhousegames.com\/index.php?rest_route=\/wp\/v2\/pages\/1042","targetHints":{"allow":["GET"]}}],"collection":[{"href":"https:\/\/blindhousegames.com\/index.php?rest_route=\/wp\/v2\/pages"}],"about":[{"href":"https:\/\/blindhousegames.com\/index.php?rest_route=\/wp\/v2\/types\/page"}],"author":[{"embeddable":true,"href":"https:\/\/blindhousegames.com\/index.php?rest_route=\/wp\/v2\/users\/1"}],"replies":[{"embeddable":true,"href":"https:\/\/blindhousegames.com\/index.php?rest_route=%2Fwp%2Fv2%2Fcomments&post=1042"}],"version-history":[{"count":5,"href":"https:\/\/blindhousegames.com\/index.php?rest_route=\/wp\/v2\/pages\/1042\/revisions"}],"predecessor-version":[{"id":1056,"href":"https:\/\/blindhousegames.com\/index.php?rest_route=\/wp\/v2\/pages\/1042\/revisions\/1056"}],"wp:attachment":[{"href":"https:\/\/blindhousegames.com\/index.php?rest_route=%2Fwp%2Fv2%2Fmedia&parent=1042"}],"curies":[{"name":"wp","href":"https:\/\/api.w.org\/{rel}","templated":true}]}}